{"id":1817,"date":"2023-07-24T11:25:31","date_gmt":"2023-07-24T09:25:31","guid":{"rendered":"https:\/\/www.maccompta.ch\/home\/"},"modified":"2025-03-18T16:06:23","modified_gmt":"2025-03-18T15:06:23","slug":"home","status":"publish","type":"page","link":"https:\/\/www.maccompta.ch\/de\/","title":{"rendered":"Home"},"content":{"rendered":"<div class=\"col-md-5\">\n<h3>\u00dcber MacCompta<\/h3>\n<p>MacCompta wurde 1984 gegr\u00fcndet und war das erste Buchhaltungsprogramm f\u00fcr Mac in der Schweiz. Heute setzt Daily-Soft ltd seine Entwicklung fort und MacCompta Pro ist auch mit Windows kompatibel.<\/p>\n<\/div>\n<div class=\"col-md-6 col-md-offset-1\"><img loading=\"lazy\" decoding=\"async\" src=\"https:\/\/www.maccompta.ch\/wp-content\/uploads\/2023\/07\/logoMCPro-128-RVB.png\" alt=\"Logo des Buchhaltungsprogramms MacCompta Pro\" class=\"aligncenter wp-image-37 size-full\" width=\"128\" height=\"128\"><\/div>\n","protected":false},"excerpt":{"rendered":"<p>\u00dcber MacCompta MacCompta wurde 1984 gegr\u00fcndet und war das erste Buchhaltungsprogramm f\u00fcr Mac in der Schweiz. Heute setzt Daily-Soft ltd seine Entwicklung fort und MacCompta Pro ist auch mit Windows kompatibel.<\/p>\n","protected":false},"author":1,"featured_media":159,"parent":0,"menu_order":0,"comment_status":"closed","ping_status":"closed","template":"","meta":{"footnotes":""},"class_list":["post-1817","page","type-page","status-publish","has-post-thumbnail","hentry"],"aioseo_notices":[],"_links":{"self":[{"href":"https:\/\/www.maccompta.ch\/de\/wp-json\/wp\/v2\/pages\/1817","targetHints":{"allow":["GET"]}}],"collection":[{"href":"https:\/\/www.maccompta.ch\/de\/wp-json\/wp\/v2\/pages"}],"about":[{"href":"https:\/\/www.maccompta.ch\/de\/wp-json\/wp\/v2\/types\/page"}],"author":[{"embeddable":true,"href":"https:\/\/www.maccompta.ch\/de\/wp-json\/wp\/v2\/users\/1"}],"replies":[{"embeddable":true,"href":"https:\/\/www.maccompta.ch\/de\/wp-json\/wp\/v2\/comments?post=1817"}],"version-history":[{"count":1,"href":"https:\/\/www.maccompta.ch\/de\/wp-json\/wp\/v2\/pages\/1817\/revisions"}],"predecessor-version":[{"id":2154,"href":"https:\/\/www.maccompta.ch\/de\/wp-json\/wp\/v2\/pages\/1817\/revisions\/2154"}],"wp:featuredmedia":[{"embeddable":true,"href":"https:\/\/www.maccompta.ch\/de\/wp-json\/wp\/v2\/media\/159"}],"wp:attachment":[{"href":"https:\/\/www.maccompta.ch\/de\/wp-json\/wp\/v2\/media?parent=1817"}],"curies":[{"name":"wp","href":"https:\/\/api.w.org\/{rel}","templated":true}]}}