{"id":1951,"date":"2023-07-26T17:01:08","date_gmt":"2023-07-26T15:01:08","guid":{"rendered":"https:\/\/www.maccompta.ch\/ueber-maccompta\/technische-merkmale\/"},"modified":"2026-03-09T16:03:07","modified_gmt":"2026-03-09T15:03:07","slug":"technische-merkmale","status":"publish","type":"page","link":"https:\/\/www.maccompta.ch\/de\/ueber-maccompta\/technische-merkmale\/","title":{"rendered":"Technische Merkmale."},"content":{"rendered":"\n<div class=\"wp-block-group\"><div class=\"wp-block-group__inner-container is-layout-constrained wp-block-group-is-layout-constrained\">\n<table class=\"mc_properties\" style=\"height: 746px; width: 100%; margin-bottom: 20px;\">\n<tbody>\n<tr style=\"height: 23px;\">\n<td style=\"height: 23px; width: 60.4762%;\"><\/td>\n<th colspan=\"2\" style=\"text-align: center; height: 23px; width: 38.3333%;\">MacCompta Pro<\/th>\n<\/tr>\n<tr style=\"height: 23px;\">\n<td style=\"height: 23px; text-align: left; width: 60.4762%;\">Version<\/td>\n<th style=\"text-align: center; height: 23px; width: 18.8095%;\">Demo<\/th>\n<th style=\"text-align: center; height: 23px; width: 19.5238%;\">Standard<\/th>\n<\/tr>\n<tr style=\"height: 23px;\">\n<td style=\"height: 23px; text-align: left; width: 60.4762%;\">Preise<\/td>\n<td style=\"text-align: center; height: 23px; width: 18.8095%;\">Kostenlos<\/td>\n<td style=\"text-align: center; height: 23px; width: 19.5238%;\">Ab 120.\u2013\/Jahr<\/td>\n<\/tr>\n<tr style=\"height: 23px;\">\n<td style=\"text-align: left; width: 60.4762%; height: 23px;\">Technischer Support<\/td>\n<td style=\"text-align: center; width: 18.8095%; height: 23px;\"><\/td>\n<td style=\"text-align: center; width: 19.5238%; height: 23px;\">Inklusive*<\/td>\n<\/tr>\n<tr style=\"height: 23px;\">\n<th colspan=\"3\" style=\"text-align: center; height: 23px; width: 98.8095%;\">Kompatibilit\u00e4t<\/th>\n<\/tr>\n<tr style=\"height: 23px;\">\n<td style=\"height: 23px; text-align: left; width: 60.4762%;\">Mac OS<\/td>\n<td colspan=\"2\" style=\"text-align: center; height: 23px; width: 38.3333%;\">Ab Big Sur 11<\/td>\n<\/tr>\n<tr style=\"height: 10px;\">\n<td style=\"height: 10px; text-align: left; width: 60.4762%;\">Windows<\/td>\n<td colspan=\"2\" style=\"text-align: center; height: 10px; width: 38.3333%;\">Ab Windows 7 SP2<\/td>\n<\/tr>\n<tr style=\"height: 23px;\">\n<th colspan=\"3\" style=\"text-align: center; height: 23px; width: 98.8095%;\">Technische Merkmale der Buchhaltung<\/th>\n<\/tr>\n<tr style=\"height: 23px;\">\n<td style=\"text-align: left; height: 23px; width: 60.4762%;\">Fremdw\u00e4hrungen<\/td>\n<td colspan=\"2\" style=\"text-align: center; height: 23px; width: 38.3333%;\">\u221a<\/td>\n<\/tr>\n<tr style=\"height: 23px;\">\n<td style=\"text-align: left; height: 23px; width: 60.4762%;\">MWST-Verwaltung<\/td>\n<td colspan=\"2\" style=\"text-align: center; height: 23px; width: 38.3333%;\">\u221a<\/td>\n<\/tr>\n<tr style=\"height: 23px;\">\n<td style=\"text-align: left; height: 23px; width: 60.4762%;\">Mehrfachbuchungs-Automatik<\/td>\n<td colspan=\"2\" style=\"text-align: center; height: 23px; width: 38.3333%;\">\u221a<\/td>\n<\/tr>\n<tr style=\"height: 23px;\">\n<td style=\"text-align: left; height: 23px; width: 60.4762%;\">Automatischer Abschluss<\/td>\n<td colspan=\"2\" style=\"text-align: center; height: 23px; width: 38.3333%;\">\u221a<\/td>\n<\/tr>\n<tr style=\"height: 23px;\">\n<td style=\"text-align: left; height: 23px; width: 60.4762%;\">Automatische Erg\u00e4nzung des Journaltextes<\/td>\n<td colspan=\"2\" style=\"text-align: center; height: 23px; width: 38.3333%;\">\u221a<\/td>\n<\/tr>\n<tr style=\"height: 23px;\">\n<td style=\"text-align: left; height: 23px; width: 60.4762%;\">Mehrere Benutzer<\/td>\n<td colspan=\"2\" style=\"text-align: center; height: 23px; width: 38.3333%;\">\u221a<\/td>\n<\/tr>\n<tr style=\"height: 23px;\">\n<td style=\"text-align: left; height: 23px; width: 60.4762%;\">Bis zu 5 personalisierte Zugangberechtigungen<\/td>\n<td colspan=\"2\" style=\"text-align: center; height: 23px; width: 38.3333%;\">\u221a<\/td>\n<\/tr>\n<tr style=\"height: 23px;\">\n<td style=\"text-align: left; height: 23px; width: 60.4762%;\">Personalisierung aller Dateien<\/td>\n<td colspan=\"2\" style=\"text-align: center; height: 23px; width: 38.3333%;\">\u221a<\/td>\n<\/tr>\n<tr style=\"height: 23px;\">\n<td style=\"text-align: left; height: 23px; width: 60.4762%;\">Individualisierte Farbgebung f\u00fcr Dateien<\/td>\n<td colspan=\"2\" style=\"text-align: center; height: 23px; width: 38.3333%;\">\u221a<\/td>\n<\/tr>\n<tr style=\"height: 23px;\">\n<td style=\"text-align: left; height: 23px; width: 60.4762%;\">Periodisierte Summenbilanz<\/td>\n<td colspan=\"2\" style=\"text-align: center; height: 23px; width: 38.3333%;\">\u221a<\/td>\n<\/tr>\n<tr style=\"height: 23px;\">\n<td style=\"text-align: left; height: 23px; width: 60.4762%;\">Impression des Suchergebnisse<\/td>\n<td colspan=\"2\" style=\"text-align: center; height: 23px; width: 38.3333%;\">\u221a<\/td>\n<\/tr>\n<tr style=\"height: 23px;\">\n<th colspan=\"3\" style=\"text-align: center; height: 23px; width: 98.8095%;\">Merkmale des Kontenplans<\/th>\n<\/tr>\n<tr style=\"height: 23px;\">\n<td style=\"text-align: left; height: 23px; width: 60.4762%;\">Jederzeit modifizierbar<\/td>\n<td colspan=\"2\" style=\"text-align: center; height: 23px; width: 38.3333%;\">\u221a<\/td>\n<\/tr>\n<tr style=\"height: 23px;\">\n<td style=\"text-align: left; height: 23px; width: 60.4762%;\">Max. Anzahl Konten<\/td>\n<td colspan=\"2\" style=\"text-align: center; height: 23px; width: 38.3333%;\">10\u2019000<\/td>\n<\/tr>\n<tr style=\"height: 23px;\">\n<td style=\"text-align: left; height: 23px; width: 60.4762%;\">Automatische Abschlusspl\u00e4ne<\/td>\n<td colspan=\"2\" style=\"text-align: center; height: 23px; width: 38.3333%;\">4<\/td>\n<\/tr>\n<tr style=\"height: 23px;\">\n<td style=\"text-align: left; height: 23px; width: 60.4762%;\">Alphanumerische Kontennummern bis zu 9 Ziffern<\/td>\n<td colspan=\"2\" style=\"text-align: center; height: 23px; width: 38.3333%;\">\u221a<\/td>\n<\/tr>\n<tr style=\"height: 23px;\">\n<th colspan=\"3\" style=\"text-align: center; height: 23px; width: 98.8095%;\">Merkmale des Journals<\/th>\n<\/tr>\n<tr style=\"height: 23px;\">\n<td style=\"text-align: left; height: 23px; width: 60.4762%;\">Max. Anzahl Buchungen<\/td>\n<td style=\"text-align: center; height: 23px; width: 18.8095%;\"> 500<\/td>\n<td style=\"text-align: center; height: 23px; width: 19.5238%;\"> 999\u2019999<\/td>\n<\/tr>\n<tr style=\"height: 23px;\">\n<td style=\"text-align: left; height: 23px; width: 60.4762%;\">Max. Anzahl Zeichen im Textfeld<\/td>\n<td colspan=\"2\" style=\"text-align: center; height: 23px; width: 38.3333%;\">63<\/td>\n<\/tr>\n<tr style=\"height: 23px;\">\n<td style=\"text-align: left; height: 23px; width: 60.4762%;\">Max. Anzahl Zeichen im Ref.-Feld<\/td>\n<td colspan=\"2\" style=\"text-align: center; height: 23px; width: 38.3333%;\">7<\/td>\n<\/tr>\n<tr style=\"height: 23px;\">\n<td style=\"text-align: left; height: 23px; width: 60.4762%;\">Gekoppelte Buchungen (MWST, Fremdw\u00e4hrungen, Auswahl)<\/td>\n<td colspan=\"2\" style=\"text-align: center; height: 23px; width: 38.3333%;\">\u221a<\/td>\n<\/tr>\n<tr style=\"height: 23px;\">\n<th colspan=\"3\" style=\"text-align: center; height: 23px; width: 98.8095%;\">Merkmale der Lizenz<\/th>\n<\/tr>\n<tr style=\"height: 23px;\">\n<td style=\"text-align: left; height: 23px; width: 60.4762%;\">G\u00fcltigkeitsdauer<\/td>\n<td style=\"text-align: center; height: 23px; width: 18.8095%;\">11 Wochen Buchungen<\/td>\n<td style=\"text-align: center; height: 23px; width: 19.5238%;\">Jahres<\/td>\n<\/tr>\n<tr style=\"height: 23px;\">\n<td style=\"text-align: left; height: 23px; width: 60.4762%;\">Sprachen (standardm\u00e4ssig Sprache des Betriebssystems)<\/td>\n<td colspan=\"2\" style=\"text-align: center; height: 23px; width: 38.3333%;\"><strong>Franz\u00f6sisch<\/strong>, <strong>Englisch<\/strong>, <strong>Deutsch<\/strong> und <strong>Italienisch<\/strong><\/td>\n<\/tr>\n<tr style=\"height: 23px;\">\n<td style=\"text-align: left; height: 23px; width: 60.4762%;\">Aktualisierung<\/td>\n<td colspan=\"2\" style=\"text-align: center; height: 23px; width: 38.3333%;\">kostenlos f\u00fcr v6.2<\/td>\n<\/tr>\n<\/tbody>\n<\/table>\n<\/div><\/div>\n\n<p>*: Der technische Support per E-Mail ist inbegriffen. Telefonischer Support: zum Preis eines lokalen Anrufs, und Support sowie eventuelle Interventionen sind im Rahmen von 15 Minuten pro Fall kostenlos. F\u00fcr Support \u00fcber 15 Minuten hinaus beh\u00e4lt sich Daily-Soft Ltd das Recht vor, den Support im 5-Minuten-Takt zu einem Satz von CHF 120.&#8211;\/Stunde zu berechnen.<\/p>\n","protected":false},"excerpt":{"rendered":"<p>MacCompta Pro Version Demo Standard Preise Kostenlos Ab 120.\u2013\/Jahr Technischer Support Inklusive* Kompatibilit\u00e4t Mac OS Ab Big Sur 11 Windows Ab Windows 7 SP2 Technische Merkmale der Buchhaltung Fremdw\u00e4hrungen \u221a MWST-Verwaltung \u221a Mehrfachbuchungs-Automatik \u221a Automatischer Abschluss \u221a Automatische Erg\u00e4nzung des Journaltextes \u221a Mehrere Benutzer \u221a Bis zu 5 personalisierte Zugangberechtigungen [&hellip;]<\/p>\n","protected":false},"author":1,"featured_media":0,"parent":1949,"menu_order":0,"comment_status":"closed","ping_status":"closed","template":"","meta":{"footnotes":""},"class_list":["post-1951","page","type-page","status-publish","hentry"],"aioseo_notices":[],"_links":{"self":[{"href":"https:\/\/www.maccompta.ch\/de\/wp-json\/wp\/v2\/pages\/1951","targetHints":{"allow":["GET"]}}],"collection":[{"href":"https:\/\/www.maccompta.ch\/de\/wp-json\/wp\/v2\/pages"}],"about":[{"href":"https:\/\/www.maccompta.ch\/de\/wp-json\/wp\/v2\/types\/page"}],"author":[{"embeddable":true,"href":"https:\/\/www.maccompta.ch\/de\/wp-json\/wp\/v2\/users\/1"}],"replies":[{"embeddable":true,"href":"https:\/\/www.maccompta.ch\/de\/wp-json\/wp\/v2\/comments?post=1951"}],"version-history":[{"count":3,"href":"https:\/\/www.maccompta.ch\/de\/wp-json\/wp\/v2\/pages\/1951\/revisions"}],"predecessor-version":[{"id":2601,"href":"https:\/\/www.maccompta.ch\/de\/wp-json\/wp\/v2\/pages\/1951\/revisions\/2601"}],"up":[{"embeddable":true,"href":"https:\/\/www.maccompta.ch\/de\/wp-json\/wp\/v2\/pages\/1949"}],"wp:attachment":[{"href":"https:\/\/www.maccompta.ch\/de\/wp-json\/wp\/v2\/media?parent=1951"}],"curies":[{"name":"wp","href":"https:\/\/api.w.org\/{rel}","templated":true}]}}