{"id":1956,"date":"2023-07-28T12:01:49","date_gmt":"2023-07-28T10:01:49","guid":{"rendered":"https:\/\/www.maccompta.ch\/ueber-maccompta\/maccompta-pro-fuer-schulen-kostenlos\/"},"modified":"2023-09-21T18:07:06","modified_gmt":"2023-09-21T16:07:06","slug":"maccompta-pro-fuer-schulen-kostenlos","status":"publish","type":"page","link":"https:\/\/www.maccompta.ch\/de\/ueber-maccompta\/maccompta-pro-fuer-schulen-kostenlos\/","title":{"rendered":"MacCompta Pro : f\u00fcr Schulen kostenlos"},"content":{"rendered":"\n<p>Viele Schulen setzen seit \u00fcber 40 Jahren f\u00fcr ihre Buchhaltungs-Kurse auf dieses Programm.<\/p>\n\n<p>Tats\u00e4chlich behandelt <strong>Maccompta<\/strong> die Buchf\u00fchrung wie man sie in Kursen lehrt : Journal \u2013 Hauptbuch (Konten) usw.<\/p>\n\n<p>Die Version Schulen beinhaltet genau die <strong>gleichen Funktionen <\/strong>wie die Standardversion des Programms. Allerdings k\u00f6nnen nur 500 Buchungen damit ausgef\u00fchrt werden, was aber in der Regel f\u00fcr den Unterricht ausreicht.<\/p>\n\n<p>Das Programm wird von den <strong>Lehrern besonders empfohlen<\/strong> und von den Kursteilnehmern sehr gesch\u00e4tzt.<\/p>\n\n<p>Die Lizenz f\u00fcr die Schulversion wird auf Verlangen <strong>kostenlos<\/strong> erteilt. Treten Sie mit uns in <a href=\"https:\/\/www.maccompta.ch\/de\/kontakt\/\" title=\"Kontakt\">Kontakt<\/a>, wenn Sie gerne eine Schulversion h\u00e4tten.<\/p>\n","protected":false},"excerpt":{"rendered":"<p>Viele Schulen setzen seit \u00fcber 40 Jahren f\u00fcr ihre Buchhaltungs-Kurse auf dieses Programm. Tats\u00e4chlich behandelt Maccompta die Buchf\u00fchrung wie man sie in Kursen lehrt : Journal \u2013 Hauptbuch (Konten) usw. Die Version Schulen beinhaltet genau die gleichen Funktionen wie die Standardversion des Programms. Allerdings k\u00f6nnen nur 500 Buchungen damit ausgef\u00fchrt [&hellip;]<\/p>\n","protected":false},"author":1,"featured_media":0,"parent":1949,"menu_order":22,"comment_status":"closed","ping_status":"closed","template":"","meta":{"footnotes":""},"class_list":["post-1956","page","type-page","status-publish","hentry"],"aioseo_notices":[],"_links":{"self":[{"href":"https:\/\/www.maccompta.ch\/de\/wp-json\/wp\/v2\/pages\/1956","targetHints":{"allow":["GET"]}}],"collection":[{"href":"https:\/\/www.maccompta.ch\/de\/wp-json\/wp\/v2\/pages"}],"about":[{"href":"https:\/\/www.maccompta.ch\/de\/wp-json\/wp\/v2\/types\/page"}],"author":[{"embeddable":true,"href":"https:\/\/www.maccompta.ch\/de\/wp-json\/wp\/v2\/users\/1"}],"replies":[{"embeddable":true,"href":"https:\/\/www.maccompta.ch\/de\/wp-json\/wp\/v2\/comments?post=1956"}],"version-history":[{"count":0,"href":"https:\/\/www.maccompta.ch\/de\/wp-json\/wp\/v2\/pages\/1956\/revisions"}],"up":[{"embeddable":true,"href":"https:\/\/www.maccompta.ch\/de\/wp-json\/wp\/v2\/pages\/1949"}],"wp:attachment":[{"href":"https:\/\/www.maccompta.ch\/de\/wp-json\/wp\/v2\/media?parent=1956"}],"curies":[{"name":"wp","href":"https:\/\/api.w.org\/{rel}","templated":true}]}}