{"id":1958,"date":"2023-07-28T12:08:01","date_gmt":"2023-07-28T10:08:01","guid":{"rendered":"https:\/\/www.maccompta.ch\/herunterladen\/"},"modified":"2023-11-20T17:19:32","modified_gmt":"2023-11-20T16:19:32","slug":"herunterladen","status":"publish","type":"page","link":"https:\/\/www.maccompta.ch\/de\/herunterladen\/","title":{"rendered":"Herunterladen"},"content":{"rendered":"\n<p>Dateien zum Herunterladen, die Ihnen bei der Installation und Anwendung von MacCompta n\u00fctzlich sein k\u00f6nnen.<\/p>\n\n<h2 class=\"wp-block-heading\">MacCompta Pro <span class=\"subtitle\">Mac OS und Windows<\/span><\/h2>\n<div class=\"wp-block-image\">\n<figure class=\"alignleft size-full\"><a class=\"downloadItem\" href=\"https:\/\/www.maccompta.ch\/de\/herunterladen\/herunterladen-maccompta-pro\/\"><img loading=\"lazy\" decoding=\"async\" width=\"128\" height=\"128\" src=\"https:\/\/www.maccompta.ch\/wp-content\/uploads\/2023\/07\/logoMCPro-128-RVB.png\" alt=\"MacCompta Pro herunterladen\" class=\"wp-image-37\"\/><\/a><figcaption class=\"wp-element-caption\">MacCompta Pro<\/figcaption><\/figure><\/div><div class=\"wp-block-image\">\n<figure class=\"alignleft size-full\"><a href=\"https:\/\/www.maccompta.ch\/de\/herunterladen\/maccompta-pro-converter-herunterladen\/\"><img loading=\"lazy\" decoding=\"async\" width=\"128\" height=\"128\" src=\"https:\/\/www.maccompta.ch\/wp-content\/uploads\/2023\/07\/MacCompta-Pro-Converter-Icon-128.png\" alt=\"MacCompta Pro Converter herunterladen\" class=\"wp-image-220\"\/><\/a><figcaption class=\"wp-element-caption\">MacCompta Pro Converter<\/figcaption><\/figure><\/div><div class=\"wp-block-image\">\n<figure class=\"alignleft size-full\"><a class=\"downloadItem\" href=\"https:\/\/download.daily-soft.ch\/MacComptaPro\/MCPro-Plan-USAM-et-exemples.zip\"><img loading=\"lazy\" decoding=\"async\" width=\"128\" height=\"128\" src=\"https:\/\/www.maccompta.ch\/wp-content\/uploads\/2023\/07\/Icon-Plans-PRO.png\" alt=\"SGV Kontenplan &amp;amp; Beispiele herunterladen\" class=\"wp-image-223\"\/><\/a><figcaption class=\"wp-element-caption\">SGV Kontenplan &amp; Beispiele<\/figcaption><\/figure><\/div><div class=\"wp-block-image\">\n<figure class=\"alignleft size-full is-resized\"><a class=\"downloadItem\" href=\"https:\/\/www.maccompta.ch\/wp-content\/uploads\/2023\/07\/Fonts.zip\"><img loading=\"lazy\" decoding=\"async\" width=\"79\" height=\"80\" src=\"https:\/\/www.maccompta.ch\/wp-content\/uploads\/2023\/07\/maccompta-fonts-icon.jpg\" alt=\"\" class=\"wp-image-229\" style=\"width:128px;height:128px\"\/><\/a><figcaption class=\"wp-element-caption\">MacCompta Schriftarten<\/figcaption><\/figure><\/div><div class=\"wp-block-image\">\n<figure class=\"alignleft size-full\"><a class=\"downloadItem\" href=\"https:\/\/help.maccompta.ch\/de\/\" target=\"_blank\" rel=\"noreferrer noopener\"><img loading=\"lazy\" decoding=\"async\" width=\"128\" height=\"128\" src=\"https:\/\/www.maccompta.ch\/wp-content\/uploads\/2023\/07\/Icon-Manuel-Pro.png\" alt=\"Das Benutzerhandbuch f&#xFC;r die Buchhaltungssoftware MacCompta &#xF6;ffnen\" class=\"wp-image-232\"\/><\/a><figcaption class=\"wp-element-caption\">Handbuch<\/figcaption><\/figure><\/div>\n<h2 class=\"wp-block-heading\">MacCompta s\u00fcr Schulen <span class=\"subtitle\">Mac OS und Windows<\/span><\/h2>\n\n<p><a href=\"https:\/\/www.maccompta.ch\/de\/kontakt\/\" title=\"Kontakt\">Nehmen Sie mit uns Kontakt auf<\/a>, wenn Sie eine Lizenz und ein Exemplar der Programmversion Schulen haben m\u00f6chten.<\/p>\n<div class=\"wp-block-image\">\n<figure class=\"alignleft size-full\"><a class=\"downloadItem\" href=\"http:\/\/download.daily-soft.ch\/MacComptaEcoles\/Plan-USAM-Ecoles-Pro.zip\"><img loading=\"lazy\" decoding=\"async\" width=\"128\" height=\"128\" src=\"https:\/\/www.maccompta.ch\/wp-content\/uploads\/2023\/07\/Icon-Plans-PRO.png\" alt=\"\" class=\"wp-image-223\"\/><\/a><figcaption class=\"wp-element-caption\">SGV Kontenplan &amp; Beispiele f\u00fcr Schulen<br\/><b>Pro-Version<\/b><\/figcaption><\/figure><\/div><div class=\"wp-block-image\">\n<figure class=\"alignleft size-full\"><a class=\"downloadItem\" href=\"http:\/\/download.daily-soft.ch\/MacComptaEcoles\/Plan-USAM-Ecoles.zip\"><img loading=\"lazy\" decoding=\"async\" width=\"128\" height=\"128\" src=\"https:\/\/www.maccompta.ch\/wp-content\/uploads\/2023\/07\/Icon-Plans-PRO.png\" alt=\"\" class=\"wp-image-223\"\/><\/a><figcaption class=\"wp-element-caption\">SGV Kontenplan &amp; Beispiele f\u00fcr Schulen<br\/><b>X-Version<\/b><\/figcaption><\/figure><\/div>","protected":false},"excerpt":{"rendered":"<p>Dateien zum Herunterladen, die Ihnen bei der Installation und Anwendung von MacCompta n\u00fctzlich sein k\u00f6nnen. MacCompta Pro Mac OS und Windows MacCompta s\u00fcr Schulen Mac OS und Windows Nehmen Sie mit uns Kontakt auf, wenn Sie eine Lizenz und ein Exemplar der Programmversion Schulen haben m\u00f6chten.<\/p>\n","protected":false},"author":1,"featured_media":0,"parent":0,"menu_order":30,"comment_status":"closed","ping_status":"closed","template":"page-templates\/template-page-sidebar.php","meta":{"footnotes":""},"class_list":["post-1958","page","type-page","status-publish","hentry"],"aioseo_notices":[],"_links":{"self":[{"href":"https:\/\/www.maccompta.ch\/de\/wp-json\/wp\/v2\/pages\/1958","targetHints":{"allow":["GET"]}}],"collection":[{"href":"https:\/\/www.maccompta.ch\/de\/wp-json\/wp\/v2\/pages"}],"about":[{"href":"https:\/\/www.maccompta.ch\/de\/wp-json\/wp\/v2\/types\/page"}],"author":[{"embeddable":true,"href":"https:\/\/www.maccompta.ch\/de\/wp-json\/wp\/v2\/users\/1"}],"replies":[{"embeddable":true,"href":"https:\/\/www.maccompta.ch\/de\/wp-json\/wp\/v2\/comments?post=1958"}],"version-history":[{"count":6,"href":"https:\/\/www.maccompta.ch\/de\/wp-json\/wp\/v2\/pages\/1958\/revisions"}],"predecessor-version":[{"id":2207,"href":"https:\/\/www.maccompta.ch\/de\/wp-json\/wp\/v2\/pages\/1958\/revisions\/2207"}],"wp:attachment":[{"href":"https:\/\/www.maccompta.ch\/de\/wp-json\/wp\/v2\/media?parent=1958"}],"curies":[{"name":"wp","href":"https:\/\/api.w.org\/{rel}","templated":true}]}}