{"id":1960,"date":"2023-07-31T17:34:44","date_gmt":"2023-07-31T15:34:44","guid":{"rendered":"https:\/\/www.maccompta.ch\/partner\/"},"modified":"2024-05-07T07:13:29","modified_gmt":"2024-05-07T05:13:29","slug":"partner","status":"publish","type":"page","link":"https:\/\/www.maccompta.ch\/de\/partner\/","title":{"rendered":"Partner"},"content":{"rendered":"\n<p>Falls Sie gerne MacCompta-Partner werden m\u00f6chten und auf dieser Seite aufgef\u00fchrt sein wollen, nehmen Sie mit uns <a href=\"https:\/\/www.maccompta.ch\/de\/kontakt\/\" title=\"Kontakt\">Kontakt<\/a> auf.<\/p>\n\n<h2 class=\"wp-block-heading\">Treuh\u00e4nder<\/h2>\n\n<p>Diese Treuh\u00e4nder arbeiten mit MacCompta und verdienen Ihr Vertrauen :<\/p>\n\n<p class=\"partenaire\"><strong>Gerald Heuby<\/strong><br\/>Ch\u00e9zard-St-Martin<br\/>+41 32 853 17 23<\/p>\n\n<p class=\"partenaire\"><strong>SWMH Fiduciaire &amp; Conseils S\u00e0rl<\/strong><br\/>Corseaux<br\/>+41 21 922 25 56<\/p>\n\n<p class=\"partenaire\"><strong>Norbert Chardonnens SA<\/strong><br\/>Domdidier<br\/>+41 26 676 92 40<br\/><a href=\"https:\/\/www.chardonnens.ch\/\" target=\"_blank\" rel=\"noopener\" title=\"\">www.chardonnens.ch<\/a><\/p>\n\n<p class=\"partenaire\"><strong>Ma Fiducia SA<\/strong><br\/>Echallens<br\/>+41 21 886 32 80<br\/><a href=\"https:\/\/www.mafiducia.ch\/\" target=\"_blank\" rel=\"noopener\" title=\"\">www.mafiducia.ch<\/a><\/p>\n\n<p class=\"partenaire\"><strong>Ernest Wintsch<\/strong><br\/>Ecublens<br\/>+41 21 691 19 64<\/p>\n\n<p class=\"partenaire\"><strong>Fidusynergie SA<\/strong><br\/>Gen\u00e8ve<br\/>+41 22 715 14 80<br\/><a href=\"http:\/\/www.fidusynergie.ch\" target=\"_blank\" rel=\"noopener\" title=\"\">www.fidusynergie.ch<\/a><\/p>\n\n<p class=\"partenaire\"><strong>Gastrogest SA<\/strong><br\/>Henniez<br\/>+41 26 668 02 30<\/p>\n\n<p class=\"partenaire\"><strong>Dufaux et Mury SA<\/strong><br\/>La Tour-de-Peilz<br\/>+41 21 944 30 54<\/p>\n\n<p class=\"partenaire\"><strong>G. Roubaty<\/strong><br\/>Lausanne<br\/>+41 21 312 66 68<\/p>\n\n<p class=\"partenaire\"><strong>Fiduciaire F. &amp; Ph. Guex<\/strong><br\/>Lausanne<br\/>+41 21 324 00 40<\/p>\n\n<p class=\"partenaire\"><strong>Studio fiduciario<\/strong><br\/>Locarno<br\/>+41 91 751 55 22<\/p>\n\n<p class=\"partenaire\"><strong>Pierangelo Fasola<\/strong><br\/>Lugano-Paradiso<br\/>+41 91 994 98 54<\/p>\n\n<p class=\"partenaire\"><strong>MGM Fiduciaire SA<\/strong><br\/>La Conversion s\/ Lutry<br\/>+41 21 324 00 70<br\/><a href=\"https:\/\/www.mgm.ch\/\" target=\"_blank\" rel=\"noopener\" title=\"\">www.mgm.ch<\/a><\/p>\n\n<p class=\"partenaire\"><strong>Sutter SA<\/strong><br\/>Muralto<br\/>+41 91 730 19 05<\/p>\n\n<p class=\"partenaire\"><strong>Cabinet Fiduciaire<\/strong><br\/>Nyon<br\/>+41 22 362 17 55<\/p>\n\n<p class=\"partenaire\"><strong>SP Conseils et Gestion<\/strong><br\/>Romanel-sur-Morges<br\/>+41 21 731 32 13<\/p>\n\n<p class=\"partenaire\"><strong>ActaPlus SA<\/strong><br\/>Versoix<br\/>+41 22 950 98 80<br\/><a href=\"https:\/\/www.actaplus.ch\" target=\"_blank\" rel=\"noopener\" title=\"\">www.actaplus.ch<\/a><\/p>\n\n<p class=\"partenaire\"><strong>M. Kellenberger<\/strong><br\/>Yverdon-les-Bains<br\/>+41 24 420 23 23<\/p>\n\n<p class=\"partenaire\"><strong>Argo Treuhand<\/strong><br\/>Z\u00fcrich<br\/>+41 01 262 07 70<br\/><a href=\"https:\/\/www.argotreuhand.ch\/\" target=\"_blank\" rel=\"noopener\" title=\"\">www.argo.ch<\/a><\/p>\n\n<p class=\"partenaire\"><strong>Dr R.P. Utzinger<\/strong><br\/>Z\u00fcrich<br\/>+41 01 261 16 40<\/p>\n\n<h2 class=\"wp-block-heading\">Schulen f\u00fcr Buchhaltung<\/h2>\n\n<p class=\"partenaire\"><strong><a href=\"https:\/\/betterstudy.ch\/partenaires\/maccompta\/\" target=\"_blank\" rel=\"noopener\" title=\"\">BetterStudy<br\/><\/a><\/strong><a href=\"https:\/\/www.betterstudy.ch\" target=\"_blank\" rel=\"noopener\" title=\"\">www.betterstudy.ch<\/a><\/p>\n\n<h2 class=\"wp-block-heading\">IT-Dienstleistungen<\/h2>\n\n<p class=\"partenaire\"><strong>Macwin S\u00e0rl<br\/><\/strong>Route des Vernasses 38<br\/>1977 Icogne<br\/><a href=\"https:\/\/www.macwin.ch\/\" target=\"_blank\" rel=\"noopener\" title=\"\">www.macwin.ch<\/a><\/p>\n\n<p class=\"partenaire\"><strong>M\u00e9moire Vive SA<br\/><\/strong>Lausanne \u2013 Fribourg<br\/>+41 21 320 89 15<br\/><a href=\"https:\/\/www.memoirevive.ch\" target=\"_blank\" rel=\"noopener\" title=\"\">www.memoirevive.ch<\/a><\/p>\n\n<h2 class=\"wp-block-heading\">Andere Produkte<\/h2>\n\n<p class=\"partenaire\"><strong>Quartesoft S\u00e0rl<\/strong><br\/>MacPay<br\/><a href=\"https:\/\/www.macpay.swiss\/\" target=\"_blank\" rel=\"noopener\" title=\"\">www.macpay.swiss<\/a><\/p>\n","protected":false},"excerpt":{"rendered":"<p>Falls Sie gerne MacCompta-Partner werden m\u00f6chten und auf dieser Seite aufgef\u00fchrt sein wollen, nehmen Sie mit uns Kontakt auf. Treuh\u00e4nder Diese Treuh\u00e4nder arbeiten mit MacCompta und verdienen Ihr Vertrauen : Gerald HeubyCh\u00e9zard-St-Martin+41 32 853 17 23 SWMH Fiduciaire &amp; Conseils S\u00e0rlCorseaux+41 21 922 25 56 Norbert Chardonnens SADomdidier+41 26 676 [&hellip;]<\/p>\n","protected":false},"author":1,"featured_media":0,"parent":0,"menu_order":50,"comment_status":"closed","ping_status":"closed","template":"","meta":{"footnotes":""},"class_list":["post-1960","page","type-page","status-publish","hentry"],"aioseo_notices":[],"_links":{"self":[{"href":"https:\/\/www.maccompta.ch\/de\/wp-json\/wp\/v2\/pages\/1960","targetHints":{"allow":["GET"]}}],"collection":[{"href":"https:\/\/www.maccompta.ch\/de\/wp-json\/wp\/v2\/pages"}],"about":[{"href":"https:\/\/www.maccompta.ch\/de\/wp-json\/wp\/v2\/types\/page"}],"author":[{"embeddable":true,"href":"https:\/\/www.maccompta.ch\/de\/wp-json\/wp\/v2\/users\/1"}],"replies":[{"embeddable":true,"href":"https:\/\/www.maccompta.ch\/de\/wp-json\/wp\/v2\/comments?post=1960"}],"version-history":[{"count":8,"href":"https:\/\/www.maccompta.ch\/de\/wp-json\/wp\/v2\/pages\/1960\/revisions"}],"predecessor-version":[{"id":2291,"href":"https:\/\/www.maccompta.ch\/de\/wp-json\/wp\/v2\/pages\/1960\/revisions\/2291"}],"wp:attachment":[{"href":"https:\/\/www.maccompta.ch\/de\/wp-json\/wp\/v2\/media?parent=1960"}],"curies":[{"name":"wp","href":"https:\/\/api.w.org\/{rel}","templated":true}]}}