{"id":2002,"date":"2023-09-13T12:29:55","date_gmt":"2023-09-13T10:29:55","guid":{"rendered":"https:\/\/www.maccompta.ch\/herunterladen\/maccompta-pro-converter-herunterladen\/"},"modified":"2023-09-22T15:06:30","modified_gmt":"2023-09-22T13:06:30","slug":"maccompta-pro-converter-herunterladen","status":"publish","type":"page","link":"https:\/\/www.maccompta.ch\/de\/herunterladen\/maccompta-pro-converter-herunterladen\/","title":{"rendered":"MacCompta Pro Converter herunterladen"},"content":{"rendered":"\n<h2 class=\"wp-block-heading\">F\u00fcr Mac OS<\/h2>\n\n<figure class=\"wp-block-image size-full\"><a href=\"https:\/\/download.daily-soft.ch\/MacComptaPro\/MacComptaProConverter-OSX.zip\" target=\"_blank\" rel=\"noreferrer noopener\"><img decoding=\"async\" src=\"https:\/\/www.maccompta.ch\/wp-content\/uploads\/2023\/09\/btn-herunterladen.png\" alt=\"\" class=\"wp-image-1993\"\/><\/a><\/figure>\n<p>Ben\u00f6tigt mindestens OS X Yosemite 10.10.5<\/p>\n\n<h2 class=\"wp-block-heading\">F\u00fcr Windows<\/h2>\n\n<figure class=\"wp-block-image size-full\"><a href=\"https:\/\/download.daily-soft.ch\/MacComptaPro\/MacComptaProConverter-PC.zip\" target=\"_blank\" rel=\"noreferrer noopener\"><img decoding=\"async\" src=\"https:\/\/www.maccompta.ch\/wp-content\/uploads\/2023\/09\/btn-herunterladen.png\" alt=\"\" class=\"wp-image-1993\"\/><\/a><\/figure>\n<p>Ben\u00f6tigt mindestens Windows 7 SP2<\/p>\n","protected":false},"excerpt":{"rendered":"<p>F\u00fcr Mac OS Ben\u00f6tigt mindestens OS X Yosemite 10.10.5 F\u00fcr Windows Ben\u00f6tigt mindestens Windows 7 SP2<\/p>\n","protected":false},"author":1,"featured_media":0,"parent":1958,"menu_order":0,"comment_status":"closed","ping_status":"closed","template":"","meta":{"footnotes":""},"class_list":["post-2002","page","type-page","status-publish","hentry"],"aioseo_notices":[],"_links":{"self":[{"href":"https:\/\/www.maccompta.ch\/de\/wp-json\/wp\/v2\/pages\/2002","targetHints":{"allow":["GET"]}}],"collection":[{"href":"https:\/\/www.maccompta.ch\/de\/wp-json\/wp\/v2\/pages"}],"about":[{"href":"https:\/\/www.maccompta.ch\/de\/wp-json\/wp\/v2\/types\/page"}],"author":[{"embeddable":true,"href":"https:\/\/www.maccompta.ch\/de\/wp-json\/wp\/v2\/users\/1"}],"replies":[{"embeddable":true,"href":"https:\/\/www.maccompta.ch\/de\/wp-json\/wp\/v2\/comments?post=2002"}],"version-history":[{"count":0,"href":"https:\/\/www.maccompta.ch\/de\/wp-json\/wp\/v2\/pages\/2002\/revisions"}],"up":[{"embeddable":true,"href":"https:\/\/www.maccompta.ch\/de\/wp-json\/wp\/v2\/pages\/1958"}],"wp:attachment":[{"href":"https:\/\/www.maccompta.ch\/de\/wp-json\/wp\/v2\/media?parent=2002"}],"curies":[{"name":"wp","href":"https:\/\/api.w.org\/{rel}","templated":true}]}}